{"id":180,"date":"2023-03-28T04:34:07","date_gmt":"2023-03-28T04:34:07","guid":{"rendered":"https:\/\/cozystay.loftocean.com\/apartment\/?page_id=180"},"modified":"2024-11-17T22:54:32","modified_gmt":"2024-11-17T22:54:32","slug":"hakkimizda","status":"publish","type":"page","link":"https:\/\/www.sinasospalace.com\/tr\/hakkimizda\/","title":{"rendered":"Hakk\u0131m\u0131zda"},"content":{"rendered":"\t\t<div data-elementor-type=\"wp-page\" data-elementor-id=\"180\" class=\"elementor elementor-180\">\n\t\t\t\t\t\t<section class=\"elementor-section elementor-top-section elementor-element elementor-element-38b8f755 elementor-section-height-min-height cs-section-content-fullwidth cs-parallax-on-scroll cs_scroll_y_100 elementor-section-boxed elementor-section-height-default elementor-section-items-middle\" data-id=\"38b8f755\" data-element_type=\"section\" data-e-type=\"section\" data-settings=\"{&quot;background_background&quot;:&quot;classic&quot;}\" data-cs-parallax-y=\"100\" style=\"background-image: none;\" data-cs-background-image=\"https:\/\/www.sinasospalace.com\/wp-content\/uploads\/2024\/06\/ask-ve-mavi-konagi-1.jpeg\">\n\t\t\t\t\t\t\t<div class=\"elementor-background-overlay\"><\/div>\n\t\t\t\t\t\t\t<div class=\"elementor-container elementor-column-gap-no\">\n\t\t\t\t\t<div class=\"elementor-column elementor-col-100 elementor-top-column elementor-element elementor-element-3b5053b dark-color\" data-id=\"3b5053b\" data-element_type=\"column\" data-e-type=\"column\">\n\t\t\t<div class=\"elementor-widget-wrap elementor-element-populated\">\n\t\t\t\t\t\t<div class=\"elementor-element elementor-element-13233b53 elementor-widget elementor-widget-cs_title\" data-id=\"13233b53\" data-element_type=\"widget\" data-e-type=\"widget\" data-widget_type=\"cs_title.default\">\n\t\t\t\t<div class=\"elementor-widget-container\">\n\t\t\t\t\t\n        <div class=\"cs-title-wrap text-center\">\t            <h1 class=\"cs-title\">\n\t                Hakk\u0131m\u0131zda\t            <\/h1>\t            <div class=\"cs-title-text\">\n\t                <p>Sinasospalace&#8217; a ho\u015fgeldiniz.<\/p>\t            <\/div>        <\/div>\t\t\t\t<\/div>\n\t\t\t\t<\/div>\n\t\t\t\t\t<\/div>\n\t\t<\/div>\n\t\t\t\t\t<\/div>\n\t\t<\/section>\n\t\t\t\t<section class=\"elementor-section elementor-top-section elementor-element elementor-element-6dbd56a cs-section-content-fullwidth elementor-section-content-middle elementor-reverse-tablet elementor-reverse-mobile elementor-section-boxed elementor-section-height-default elementor-section-height-default\" data-id=\"6dbd56a\" data-element_type=\"section\" data-e-type=\"section\" data-settings=\"{&quot;background_background&quot;:&quot;classic&quot;}\">\n\t\t\t\t\t\t<div class=\"elementor-container elementor-column-gap-no\">\n\t\t\t\t\t<div class=\"elementor-column elementor-col-50 elementor-top-column elementor-element elementor-element-145e0db\" data-id=\"145e0db\" data-element_type=\"column\" data-e-type=\"column\">\n\t\t\t<div class=\"elementor-widget-wrap elementor-element-populated\">\n\t\t\t\t\t\t<div class=\"elementor-element elementor-element-2bfc86f elementor-widget elementor-widget-cs_title\" data-id=\"2bfc86f\" data-element_type=\"widget\" data-e-type=\"widget\" data-widget_type=\"cs_title.default\">\n\t\t\t\t<div class=\"elementor-widget-container\">\n\t\t\t\t\t\n        <div class=\"cs-title-wrap\">\t            <div class=\"cs-subtitle-wrap\"><span class=\"cs-subtitle\">The Story Of Our Hotel<\/span><\/div>\t            <h3 class=\"cs-title\">\n\t                Hikayemiz 2015 y\u0131l\u0131nda ba\u015flad\u0131.\t            <\/h3>\t            <div class=\"cs-title-text\">\n\t                <p>Sinasos Palace Cave Hotel, 2015 y\u0131l\u0131nda kap\u0131lar\u0131n\u0131 misafirlerine a\u00e7arak Kapadokya&#8217;n\u0131n e\u015fsiz do\u011fal ve tarihi g\u00fczelliklerini modern konforla bulu\u015fturmu\u015ftur. Otel, tarihi dokusunu koruyarak restore edilen ma\u011fara odalar\u0131yla misafirlerine benzersiz bir konaklama deneyimi sunmaktad\u0131r. Kapadokya&#8217;n\u0131n kalbinde yer alan bu \u00f6zel konaklama tesisi, misafirlerine b\u00f6lgenin b\u00fcy\u00fcleyici atmosferinde unutulmaz an\u0131lar biriktirme f\u0131rsat\u0131 sa\u011flamaktad\u0131r.<\/p>\t            <\/div>        <\/div>\t\t\t\t<\/div>\n\t\t\t\t<\/div>\n\t\t\t\t<div class=\"elementor-element elementor-element-2eb295d elementor-widget elementor-widget-cs_title\" data-id=\"2eb295d\" data-element_type=\"widget\" data-e-type=\"widget\" data-widget_type=\"cs_title.default\">\n\t\t\t\t<div class=\"elementor-widget-container\">\n\t\t\t\t\t\n        <div class=\"cs-title-wrap\">\t            <h6 class=\"cs-title\">\n\t                Hikayemizin Devam\u0131...\t            <\/h6>        <\/div>\t\t\t\t<\/div>\n\t\t\t\t<\/div>\n\t\t\t\t\t<\/div>\n\t\t<\/div>\n\t\t\t\t<div class=\"elementor-column elementor-col-50 elementor-top-column elementor-element elementor-element-45372bc\" data-id=\"45372bc\" data-element_type=\"column\" data-e-type=\"column\">\n\t\t\t<div class=\"elementor-widget-wrap elementor-element-populated\">\n\t\t\t\t\t\t<section class=\"elementor-section elementor-inner-section elementor-element elementor-element-8fba694 elementor-section-boxed elementor-section-height-default elementor-section-height-default\" data-id=\"8fba694\" data-element_type=\"section\" data-e-type=\"section\">\n\t\t\t\t\t\t<div class=\"elementor-container elementor-column-gap-no\">\n\t\t\t\t\t<div class=\"elementor-column elementor-col-50 elementor-inner-column elementor-element elementor-element-b07d62f\" data-id=\"b07d62f\" data-element_type=\"column\" data-e-type=\"column\">\n\t\t\t<div class=\"elementor-widget-wrap elementor-element-populated\">\n\t\t\t\t\t\t<div class=\"elementor-element elementor-element-42f0f3a cs-animation-small-offset elementor-invisible elementor-widget elementor-widget-image\" data-id=\"42f0f3a\" data-element_type=\"widget\" data-e-type=\"widget\" data-settings=\"{&quot;_animation&quot;:&quot;fadeInUp&quot;,&quot;_animation_delay&quot;:150}\" data-widget_type=\"image.default\">\n\t\t\t\t<div class=\"elementor-widget-container\">\n\t\t\t\t\t\t\t\t\t\t\t\t\t\t\t<img fetchpriority=\"high\" decoding=\"async\" width=\"600\" height=\"1048\" src=\"https:\/\/www.sinasospalace.com\/wp-content\/uploads\/2024\/06\/Kapadokya-Hakkinda-Sinasos-Palace-600x1048.jpg\" class=\"attachment-cozystay_600x9999 size-cozystay_600x9999 wp-image-1913\" alt=\"Kapadokya - Hakk\u0131nda-Sinasos-Palace\" srcset=\"https:\/\/www.sinasospalace.com\/wp-content\/uploads\/2024\/06\/Kapadokya-Hakkinda-Sinasos-Palace-600x1048.jpg 600w, https:\/\/www.sinasospalace.com\/wp-content\/uploads\/2024\/06\/Kapadokya-Hakkinda-Sinasos-Palace-scaled-86x150.jpg 86w, https:\/\/www.sinasospalace.com\/wp-content\/uploads\/2024\/06\/Kapadokya-Hakkinda-Sinasos-Palace-172x300.jpg 172w, https:\/\/www.sinasospalace.com\/wp-content\/uploads\/2024\/06\/Kapadokya-Hakkinda-Sinasos-Palace-586x1024.jpg 586w, https:\/\/www.sinasospalace.com\/wp-content\/uploads\/2024\/06\/Kapadokya-Hakkinda-Sinasos-Palace-768x1341.jpg 768w, https:\/\/www.sinasospalace.com\/wp-content\/uploads\/2024\/06\/Kapadokya-Hakkinda-Sinasos-Palace-880x1536.jpg 880w, https:\/\/www.sinasospalace.com\/wp-content\/uploads\/2024\/06\/Kapadokya-Hakkinda-Sinasos-Palace-1173x2048.jpg 1173w, https:\/\/www.sinasospalace.com\/wp-content\/uploads\/2024\/06\/Kapadokya-Hakkinda-Sinasos-Palace-1920x3352.jpg 1920w, https:\/\/www.sinasospalace.com\/wp-content\/uploads\/2024\/06\/Kapadokya-Hakkinda-Sinasos-Palace-1440x2514.jpg 1440w, https:\/\/www.sinasospalace.com\/wp-content\/uploads\/2024\/06\/Kapadokya-Hakkinda-Sinasos-Palace-1200x2095.jpg 1200w, https:\/\/www.sinasospalace.com\/wp-content\/uploads\/2024\/06\/Kapadokya-Hakkinda-Sinasos-Palace-780x1362.jpg 780w, https:\/\/www.sinasospalace.com\/wp-content\/uploads\/2024\/06\/Kapadokya-Hakkinda-Sinasos-Palace-550x960.jpg 550w, https:\/\/www.sinasospalace.com\/wp-content\/uploads\/2024\/06\/Kapadokya-Hakkinda-Sinasos-Palace-370x646.jpg 370w, https:\/\/www.sinasospalace.com\/wp-content\/uploads\/2024\/06\/Kapadokya-Hakkinda-Sinasos-Palace-255x445.jpg 255w, https:\/\/www.sinasospalace.com\/wp-content\/uploads\/2024\/06\/Kapadokya-Hakkinda-Sinasos-Palace-scaled.jpg 1100w\" sizes=\"(max-width: 600px) 100vw, 600px\" \/>\t\t\t\t\t\t\t\t\t\t\t\t\t\t\t<\/div>\n\t\t\t\t<\/div>\n\t\t\t\t\t<\/div>\n\t\t<\/div>\n\t\t\t\t<div class=\"elementor-column elementor-col-50 elementor-inner-column elementor-element elementor-element-8fcb924\" data-id=\"8fcb924\" data-element_type=\"column\" data-e-type=\"column\">\n\t\t\t<div class=\"elementor-widget-wrap\">\n\t\t\t\t\t\t\t<\/div>\n\t\t<\/div>\n\t\t\t\t\t<\/div>\n\t\t<\/section>\n\t\t\t\t\t<\/div>\n\t\t<\/div>\n\t\t\t\t\t<\/div>\n\t\t<\/section>\n\t\t\t\t<section class=\"elementor-section elementor-top-section elementor-element elementor-element-52d1c22f cs-section-content-fullwidth elementor-section-content-middle elementor-section-boxed elementor-section-height-default elementor-section-height-default\" data-id=\"52d1c22f\" data-element_type=\"section\" data-e-type=\"section\" data-settings=\"{&quot;background_background&quot;:&quot;classic&quot;}\">\n\t\t\t\t\t\t<div class=\"elementor-container elementor-column-gap-no\">\n\t\t\t\t\t<div class=\"elementor-column elementor-col-100 elementor-top-column elementor-element elementor-element-7ae86547\" data-id=\"7ae86547\" data-element_type=\"column\" data-e-type=\"column\">\n\t\t\t<div class=\"elementor-widget-wrap elementor-element-populated\">\n\t\t\t\t\t\t<div class=\"elementor-element elementor-element-fdff86e elementor-widget elementor-widget-cs_title\" data-id=\"fdff86e\" data-element_type=\"widget\" data-e-type=\"widget\" data-widget_type=\"cs_title.default\">\n\t\t\t\t<div class=\"elementor-widget-container\">\n\t\t\t\t\t\n        <div class=\"cs-title-wrap\">\t            <div class=\"cs-subtitle-wrap\"><span class=\"cs-subtitle\">Hakk\u0131m\u0131zda<\/span><\/div>\t            <h3 class=\"cs-title\">\n\t                Mustafapa\u015fa k\u00f6y\u00fcnde konumlanm\u0131\u015f, tarihi ve e\u015fsiz bir atmosfere sahip olan Sinasos Palace Cave Hotel\t            <\/h3>\t            <div class=\"cs-title-text\">\n\t                <p>Mustafapa\u015fa k\u00f6y\u00fcnde konumlanm\u0131\u015f, tarihi ve e\u015fsiz bir atmosfere sahip olan Sinasos Palace Cave Hotel<\/p><p>Sinasos Palace Cave Hotel, do\u011fal ta\u015flar\u0131n oyulmas\u0131yla olu\u015fturulmu\u015f, 18 odal\u0131 muhte\u015fem bir ma\u011fara oteldir. \u00dcrg\u00fcp il\u00e7esinin kalbinde yer al\u0131r ve konuklar\u0131na benzersiz bir konaklama deneyimi sunar.<\/p><p>Bu otel sadece konumuyla \u00f6n plana \u00e7\u0131kmakla kalmam\u0131\u015f, ayn\u0131 zamanda film ve dizi d\u00fcnyas\u0131na da ev sahipli\u011fi yapm\u0131\u015ft\u0131r. D\u00f6rt farkl\u0131 dizi ve iki sinema filmine mekan olarak hizmet vermi\u015ftir. Bu nedenle, Sinasos Palace Cave Hotel sadece konaklamak i\u00e7in de\u011fil, ayn\u0131 zamanda zengin bir k\u00fclt\u00fcrel deneyim ya\u015famak isteyenler i\u00e7in de ideal bir se\u00e7enektir.<\/p><p>Her odas\u0131 \u00f6zenle dekore edilmi\u015f ve konforunuz i\u00e7in tasarlanm\u0131\u015ft\u0131r. Geleneksel dokunu\u015flar modern konforla bir araya getirilmi\u015f ve konuklar\u0131na unutulmaz bir konaklama deneyimi sunmak i\u00e7in \u00f6zel olarak d\u00fc\u015f\u00fcn\u00fclm\u00fc\u015ft\u00fcr.<\/p><p>Sinasos Palace Cave Hotel&#8217;in i\u015fletmecileri olarak, misafirlerimizin memnuniyetini en \u00fcst d\u00fczeye \u00e7\u0131karmak i\u00e7in \u00e7al\u0131\u015f\u0131yoruz. E\u015fsiz manzaralar e\u015fli\u011finde lezzetli yerel yemekler sunan restoran\u0131m\u0131zda, unutulmaz bir gastronomik deneyim ya\u015fayabilirsiniz. Ayr\u0131ca, Kapadokya&#8217;n\u0131n ke\u015ffedilmeyi bekleyen g\u00fczelliklerini ke\u015ffetmek i\u00e7in size yard\u0131mc\u0131 olacak tur hizmetleri de sunuyoruz.<\/p><p>Sinasos Palace Cave Hotel, tarihle do\u011fan\u0131n muhte\u015fem birle\u015fimiyle size unutulmaz bir konaklama deneyimi sunuyor. Siz de bu benzersiz atmosferi deneyimlemek ve Kapadokya&#8217;n\u0131n b\u00fcy\u00fcleyici d\u00fcnyas\u0131n\u0131 ke\u015ffetmek i\u00e7in bizi tercih edin. Buras\u0131 sadece bir otel de\u011fil, ya\u015fanacak bir hikaye&#8230;<\/p>\t            <\/div>        <\/div>\t\t\t\t<\/div>\n\t\t\t\t<\/div>\n\t\t\t\t\t<\/div>\n\t\t<\/div>\n\t\t\t\t\t<\/div>\n\t\t<\/section>\n\t\t\t\t<\/div>\n\t\t","protected":false},"excerpt":{"rendered":"<p>Hakk\u0131m\u0131zda Sinasospalace&#8217; a ho\u015fgeldiniz. The Story Of Our Hotel Hikayemiz 2015 y\u0131l\u0131nda ba\u015flad\u0131. Sinasos Palace Cave Hotel, 2015 y\u0131l\u0131nda kap\u0131lar\u0131n\u0131 misafirlerine a\u00e7arak Kapadokya&#8217;n\u0131n e\u015fsiz do\u011fal ve tarihi g\u00fczelliklerini modern konforla bulu\u015fturmu\u015ftur. Otel, tarihi dokusunu koruyarak restore edilen ma\u011fara odalar\u0131yla misafirlerine benzersiz bir konaklama deneyimi sunmaktad\u0131r. Kapadokya&#8217;n\u0131n kalbinde yer alan bu \u00f6zel konaklama tesisi, misafirlerine b\u00f6lgenin &#8230;<\/p>\n","protected":false},"author":1,"featured_media":0,"parent":0,"menu_order":0,"comment_status":"closed","ping_status":"closed","template":"template-wide-content.php","meta":{"cozystay_single_page_hide_site_header":"","cozystay_single_page_site_header_source":"","cozystay_single_page_custom_site_header":"","cozystay_single_page_custom_sticky_site_header":"","cozystay_single_page_hide_page_title":"on","cozystay_single_page_header_section_size":"","cozystay_single_page_header_background_color":"","cozystay_single_page_header_background_position_x":"center","cozystay_single_page_header_background_position_y":"center","cozystay_single_page_header_background_size":"cover","cozystay_single_page_header_background_repeat":"off","cozystay_single_page_header_background_scroll":"on","cozystay_single_page_header_text_color":"","cozystay_single_page_header_show_breadcrumb":"","cozystay_single_page_site_footer_hide_main":"","cozystay_single_custom_site_footer_main_source":"","cozystay_single_custom_site_footer_main":"","cozystay_single_page_site_footer_hide_above":"","cozystay_single_custom_site_footer_above_source":"","cozystay_single_custom_site_footer_above":"","cozystay_single_page_site_footer_hide_instagram":"","cozystay_single_page_site_footer_hide_bottom":"","cozystay_single_custom_mobile_menu_source":"","cozystay_single_custom_mobile_menu":"","cozystay_single_custom_mobile_menu_animation":"","cozystay_single_custom_mobile_menu_width":"","cozystay_single_custom_mobile_menu_custom_width":375,"footnotes":""},"class_list":["post-180","page","type-page","status-publish","hentry"],"yoast_head":"<!-- This site is optimized with the Yoast SEO plugin v27.5 - https:\/\/yoast.com\/product\/yoast-seo-wordpress\/ -->\n<title>Hakk\u0131m\u0131zda<\/title>\n<meta name=\"description\" content=\"Sinasos Palace: Tarihi ve l\u00fcks konaklama deneyimi. Kapadokya&#039;n\u0131n kalbinde, benzersiz mimari ve modern konforu bir araya getiriyoruz. Unutulmaz an\u0131lar i\u00e7in do\u011fru adres.\" \/>\n<meta name=\"robots\" content=\"index, follow, max-snippet:-1, max-image-preview:large, max-video-preview:-1\" \/>\n<link rel=\"canonical\" href=\"https:\/\/www.sinasospalace.com\/tr\/hakkimizda\/\" \/>\n<meta property=\"og:locale\" content=\"tr_TR\" \/>\n<meta property=\"og:locale:alternate\" content=\"en_US\" \/>\n<meta property=\"og:type\" content=\"article\" \/>\n<meta property=\"og:title\" content=\"Hakk\u0131m\u0131zda\" \/>\n<meta property=\"og:description\" content=\"Sinasos Palace: Tarihi ve l\u00fcks konaklama deneyimi. Kapadokya&#039;n\u0131n kalbinde, benzersiz mimari ve modern konforu bir araya getiriyoruz. Unutulmaz an\u0131lar i\u00e7in do\u011fru adres.\" \/>\n<meta property=\"og:url\" content=\"https:\/\/www.sinasospalace.com\/tr\/hakkimizda\/\" \/>\n<meta property=\"og:site_name\" content=\"Sinasos Palace Cave Hotel\" \/>\n<meta property=\"article:modified_time\" content=\"2024-11-17T22:54:32+00:00\" \/>\n<meta property=\"og:image\" content=\"https:\/\/www.sinasospalace.com\/wp-content\/uploads\/2024\/06\/Kapadokya-Hakkinda-Sinasos-Palace-scaled.jpg\" \/>\n\t<meta property=\"og:image:width\" content=\"1100\" \/>\n\t<meta property=\"og:image:height\" content=\"1920\" \/>\n\t<meta property=\"og:image:type\" content=\"image\/jpeg\" \/>\n<meta name=\"twitter:card\" content=\"summary_large_image\" \/>\n<meta name=\"twitter:label1\" content=\"Tahmini okuma s\u00fcresi\" \/>\n\t<meta name=\"twitter:data1\" content=\"2 dakika\" \/>\n<script type=\"application\/ld+json\" class=\"yoast-schema-graph\">{\"@context\":\"https:\\\/\\\/schema.org\",\"@graph\":[{\"@type\":\"WebPage\",\"@id\":\"https:\\\/\\\/www.sinasospalace.com\\\/tr\\\/hakkimizda\\\/\",\"url\":\"https:\\\/\\\/www.sinasospalace.com\\\/tr\\\/hakkimizda\\\/\",\"name\":\"Hakk\u0131m\u0131zda\",\"isPartOf\":{\"@id\":\"https:\\\/\\\/www.sinasospalace.com\\\/#website\"},\"primaryImageOfPage\":{\"@id\":\"https:\\\/\\\/www.sinasospalace.com\\\/tr\\\/hakkimizda\\\/#primaryimage\"},\"image\":{\"@id\":\"https:\\\/\\\/www.sinasospalace.com\\\/tr\\\/hakkimizda\\\/#primaryimage\"},\"thumbnailUrl\":\"https:\\\/\\\/www.sinasospalace.com\\\/wp-content\\\/uploads\\\/2024\\\/06\\\/Kapadokya-Hakkinda-Sinasos-Palace-600x1048.jpg\",\"datePublished\":\"2023-03-28T04:34:07+00:00\",\"dateModified\":\"2024-11-17T22:54:32+00:00\",\"description\":\"Sinasos Palace: Tarihi ve l\u00fcks konaklama deneyimi. Kapadokya'n\u0131n kalbinde, benzersiz mimari ve modern konforu bir araya getiriyoruz. Unutulmaz an\u0131lar i\u00e7in do\u011fru adres.\",\"breadcrumb\":{\"@id\":\"https:\\\/\\\/www.sinasospalace.com\\\/tr\\\/hakkimizda\\\/#breadcrumb\"},\"inLanguage\":\"tr-TR\",\"potentialAction\":[{\"@type\":\"ReadAction\",\"target\":[\"https:\\\/\\\/www.sinasospalace.com\\\/tr\\\/hakkimizda\\\/\"]}]},{\"@type\":\"ImageObject\",\"inLanguage\":\"tr-TR\",\"@id\":\"https:\\\/\\\/www.sinasospalace.com\\\/tr\\\/hakkimizda\\\/#primaryimage\",\"url\":\"https:\\\/\\\/www.sinasospalace.com\\\/wp-content\\\/uploads\\\/2024\\\/06\\\/Kapadokya-Hakkinda-Sinasos-Palace-600x1048.jpg\",\"contentUrl\":\"https:\\\/\\\/www.sinasospalace.com\\\/wp-content\\\/uploads\\\/2024\\\/06\\\/Kapadokya-Hakkinda-Sinasos-Palace-600x1048.jpg\"},{\"@type\":\"BreadcrumbList\",\"@id\":\"https:\\\/\\\/www.sinasospalace.com\\\/tr\\\/hakkimizda\\\/#breadcrumb\",\"itemListElement\":[{\"@type\":\"ListItem\",\"position\":1,\"name\":\"Home\",\"item\":\"https:\\\/\\\/www.sinasospalace.com\\\/en\\\/\"},{\"@type\":\"ListItem\",\"position\":2,\"name\":\"Hakk\u0131m\u0131zda\"}]},{\"@type\":\"WebSite\",\"@id\":\"https:\\\/\\\/www.sinasospalace.com\\\/#website\",\"url\":\"https:\\\/\\\/www.sinasospalace.com\\\/\",\"name\":\"Sinasos Palace Cave Hotel\",\"description\":\"Kapadokya Kaya Otel\",\"publisher\":{\"@id\":\"https:\\\/\\\/www.sinasospalace.com\\\/#organization\"},\"potentialAction\":[{\"@type\":\"SearchAction\",\"target\":{\"@type\":\"EntryPoint\",\"urlTemplate\":\"https:\\\/\\\/www.sinasospalace.com\\\/?s={search_term_string}\"},\"query-input\":{\"@type\":\"PropertyValueSpecification\",\"valueRequired\":true,\"valueName\":\"search_term_string\"}}],\"inLanguage\":\"tr-TR\"},{\"@type\":\"Organization\",\"@id\":\"https:\\\/\\\/www.sinasospalace.com\\\/#organization\",\"name\":\"Sinasos Palace Cave Hotel\",\"url\":\"https:\\\/\\\/www.sinasospalace.com\\\/\",\"logo\":{\"@type\":\"ImageObject\",\"inLanguage\":\"tr-TR\",\"@id\":\"https:\\\/\\\/www.sinasospalace.com\\\/#\\\/schema\\\/logo\\\/image\\\/\",\"url\":\"https:\\\/\\\/www.sinasospalace.com\\\/wp-content\\\/uploads\\\/2024\\\/06\\\/logo.png\",\"contentUrl\":\"https:\\\/\\\/www.sinasospalace.com\\\/wp-content\\\/uploads\\\/2024\\\/06\\\/logo.png\",\"width\":300,\"height\":96,\"caption\":\"Sinasos Palace Cave Hotel\"},\"image\":{\"@id\":\"https:\\\/\\\/www.sinasospalace.com\\\/#\\\/schema\\\/logo\\\/image\\\/\"}}]}<\/script>\n<!-- \/ Yoast SEO plugin. -->","yoast_head_json":{"title":"Hakk\u0131m\u0131zda","description":"Sinasos Palace: Tarihi ve l\u00fcks konaklama deneyimi. Kapadokya'n\u0131n kalbinde, benzersiz mimari ve modern konforu bir araya getiriyoruz. Unutulmaz an\u0131lar i\u00e7in do\u011fru adres.","robots":{"index":"index","follow":"follow","max-snippet":"max-snippet:-1","max-image-preview":"max-image-preview:large","max-video-preview":"max-video-preview:-1"},"canonical":"https:\/\/www.sinasospalace.com\/tr\/hakkimizda\/","og_locale":"tr_TR","og_type":"article","og_title":"[:tr]Hakk\u0131m\u0131zda[:] - Sinasos Palace Cave Hotel","og_description":"[:tr]Sinasos Palace: Tarihi ve l\u00fcks konaklama deneyimi. Kapadokya'n\u0131n kalbinde, benzersiz mimari ve modern konforu bir araya getiriyoruz. Unutulmaz an\u0131lar i\u00e7in do\u011fru adres.[:]","og_url":"https:\/\/www.sinasospalace.com\/tr\/hakkimizda\/","og_site_name":"Sinasos Palace Cave Hotel","article_modified_time":"2024-11-17T22:54:32+00:00","og_image":[{"width":1100,"height":1920,"url":"https:\/\/www.sinasospalace.com\/wp-content\/uploads\/2024\/06\/Kapadokya-Hakkinda-Sinasos-Palace-scaled.jpg","type":"image\/jpeg"}],"twitter_card":"summary_large_image","twitter_misc":{"Tahmini okuma s\u00fcresi":"2 dakika"},"schema":{"@context":"https:\/\/schema.org","@graph":[{"@type":"WebPage","@id":"https:\/\/www.sinasospalace.com\/tr\/hakkimizda\/","url":"https:\/\/www.sinasospalace.com\/tr\/hakkimizda\/","name":"Hakk\u0131m\u0131zda","isPartOf":{"@id":"https:\/\/www.sinasospalace.com\/#website"},"primaryImageOfPage":{"@id":"https:\/\/www.sinasospalace.com\/tr\/hakkimizda\/#primaryimage"},"image":{"@id":"https:\/\/www.sinasospalace.com\/tr\/hakkimizda\/#primaryimage"},"thumbnailUrl":"https:\/\/www.sinasospalace.com\/wp-content\/uploads\/2024\/06\/Kapadokya-Hakkinda-Sinasos-Palace-600x1048.jpg","datePublished":"2023-03-28T04:34:07+00:00","dateModified":"2024-11-17T22:54:32+00:00","description":"Sinasos Palace: Tarihi ve l\u00fcks konaklama deneyimi. Kapadokya'n\u0131n kalbinde, benzersiz mimari ve modern konforu bir araya getiriyoruz. Unutulmaz an\u0131lar i\u00e7in do\u011fru adres.","breadcrumb":{"@id":"https:\/\/www.sinasospalace.com\/tr\/hakkimizda\/#breadcrumb"},"inLanguage":"tr-TR","potentialAction":[{"@type":"ReadAction","target":["https:\/\/www.sinasospalace.com\/tr\/hakkimizda\/"]}]},{"@type":"ImageObject","inLanguage":"tr-TR","@id":"https:\/\/www.sinasospalace.com\/tr\/hakkimizda\/#primaryimage","url":"https:\/\/www.sinasospalace.com\/wp-content\/uploads\/2024\/06\/Kapadokya-Hakkinda-Sinasos-Palace-600x1048.jpg","contentUrl":"https:\/\/www.sinasospalace.com\/wp-content\/uploads\/2024\/06\/Kapadokya-Hakkinda-Sinasos-Palace-600x1048.jpg"},{"@type":"BreadcrumbList","@id":"https:\/\/www.sinasospalace.com\/tr\/hakkimizda\/#breadcrumb","itemListElement":[{"@type":"ListItem","position":1,"name":"Home","item":"https:\/\/www.sinasospalace.com\/en\/"},{"@type":"ListItem","position":2,"name":"Hakk\u0131m\u0131zda"}]},{"@type":"WebSite","@id":"https:\/\/www.sinasospalace.com\/#website","url":"https:\/\/www.sinasospalace.com\/","name":"Sinasos Palace Cave Hotel","description":"Kapadokya Kaya Otel","publisher":{"@id":"https:\/\/www.sinasospalace.com\/#organization"},"potentialAction":[{"@type":"SearchAction","target":{"@type":"EntryPoint","urlTemplate":"https:\/\/www.sinasospalace.com\/?s={search_term_string}"},"query-input":{"@type":"PropertyValueSpecification","valueRequired":true,"valueName":"search_term_string"}}],"inLanguage":"tr-TR"},{"@type":"Organization","@id":"https:\/\/www.sinasospalace.com\/#organization","name":"Sinasos Palace Cave Hotel","url":"https:\/\/www.sinasospalace.com\/","logo":{"@type":"ImageObject","inLanguage":"tr-TR","@id":"https:\/\/www.sinasospalace.com\/#\/schema\/logo\/image\/","url":"https:\/\/www.sinasospalace.com\/wp-content\/uploads\/2024\/06\/logo.png","contentUrl":"https:\/\/www.sinasospalace.com\/wp-content\/uploads\/2024\/06\/logo.png","width":300,"height":96,"caption":"Sinasos Palace Cave Hotel"},"image":{"@id":"https:\/\/www.sinasospalace.com\/#\/schema\/logo\/image\/"}}]}},"_links":{"self":[{"href":"https:\/\/www.sinasospalace.com\/tr\/wp-json\/wp\/v2\/pages\/180","targetHints":{"allow":["GET"]}}],"collection":[{"href":"https:\/\/www.sinasospalace.com\/tr\/wp-json\/wp\/v2\/pages"}],"about":[{"href":"https:\/\/www.sinasospalace.com\/tr\/wp-json\/wp\/v2\/types\/page"}],"author":[{"embeddable":true,"href":"https:\/\/www.sinasospalace.com\/tr\/wp-json\/wp\/v2\/users\/1"}],"replies":[{"embeddable":true,"href":"https:\/\/www.sinasospalace.com\/tr\/wp-json\/wp\/v2\/comments?post=180"}],"version-history":[{"count":13,"href":"https:\/\/www.sinasospalace.com\/tr\/wp-json\/wp\/v2\/pages\/180\/revisions"}],"predecessor-version":[{"id":2483,"href":"https:\/\/www.sinasospalace.com\/tr\/wp-json\/wp\/v2\/pages\/180\/revisions\/2483"}],"wp:attachment":[{"href":"https:\/\/www.sinasospalace.com\/tr\/wp-json\/wp\/v2\/media?parent=180"}],"curies":[{"name":"wp","href":"https:\/\/api.w.org\/{rel}","templated":true}]}}