{"id":2538,"date":"2026-01-23T09:21:58","date_gmt":"2026-01-23T09:21:58","guid":{"rendered":"https:\/\/www.sinasospalace.com\/tr\/?page_id=2538"},"modified":"2026-01-23T09:29:55","modified_gmt":"2026-01-23T09:29:55","slug":"sinasos-palace-cave-hotel-surdurulebilirlik-raporu","status":"publish","type":"page","link":"https:\/\/www.sinasospalace.com\/en\/sinasos-palace-cave-hotel-surdurulebilirlik-raporu\/","title":{"rendered":"Sinasos Palace Cave Hotel Surdurulebilirlik Raporu"},"content":{"rendered":"\t\t<div data-elementor-type=\"wp-page\" data-elementor-id=\"2538\" class=\"elementor elementor-2538\">\n\t\t\t\t<div class=\"elementor-element elementor-element-526c7b1 e-flex e-con-boxed e-con e-parent\" data-id=\"526c7b1\" data-element_type=\"container\" data-e-type=\"container\">\n\t\t\t\t\t<div class=\"e-con-inner\">\n\t\t\t\t<div class=\"elementor-element elementor-element-0d7b7c8 elementor-align-center elementor-widget elementor-widget-cs_button\" data-id=\"0d7b7c8\" data-element_type=\"widget\" data-e-type=\"widget\" data-widget_type=\"cs_button.default\">\n\t\t\t\t<div class=\"elementor-widget-container\">\n\t\t\t\t\t        <a href=\"https:\/\/www.sinasospalace.com\/wp-content\/uploads\/2026\/01\/WEB-SITESI-SINASOS-PALACE-CAVE-HOTEL.pdf\" class=\"elementor-button-link button cs-btn-square cs-btn-large\" role=\"button\">\n            <span class=\"cs-btn-text\">Sinasospalace S\u00fcrd\u00fcrebilirlik Raporu G\u00f6r\u00fcnt\u00fcle<\/span>        <\/a>\t\t\t\t<\/div>\n\t\t\t\t<\/div>\n\t\t\t\t\t<\/div>\n\t\t\t\t<\/div>\n\t\t\t\t<\/div>\n\t\t","protected":false},"excerpt":{"rendered":"<p>Sinasospalace S\u00fcrd\u00fcrebilirlik Raporu G\u00f6r\u00fcnt\u00fcle<\/p>\n","protected":false},"author":1,"featured_media":0,"parent":0,"menu_order":0,"comment_status":"closed","ping_status":"closed","template":"template-fullwidth.php","meta":{"cozystay_single_page_hide_site_header":"","cozystay_single_page_site_header_source":"","cozystay_single_page_custom_site_header":"","cozystay_single_page_custom_sticky_site_header":"","cozystay_single_page_hide_page_title":"","cozystay_single_page_header_section_size":"","cozystay_single_page_header_background_color":"","cozystay_single_page_header_background_position_x":"center","cozystay_single_page_header_background_position_y":"center","cozystay_single_page_header_background_size":"cover","cozystay_single_page_header_background_repeat":"off","cozystay_single_page_header_background_scroll":"on","cozystay_single_page_header_text_color":"","cozystay_single_page_header_show_breadcrumb":"","cozystay_single_page_site_footer_hide_main":"","cozystay_single_custom_site_footer_main_source":"","cozystay_single_custom_site_footer_main":"","cozystay_single_page_site_footer_hide_above":"","cozystay_single_custom_site_footer_above_source":"","cozystay_single_custom_site_footer_above":"","cozystay_single_page_site_footer_hide_instagram":"","cozystay_single_page_site_footer_hide_bottom":"","cozystay_single_custom_mobile_menu_source":"","cozystay_single_custom_mobile_menu":"","cozystay_single_custom_mobile_menu_animation":"","cozystay_single_custom_mobile_menu_width":"","cozystay_single_custom_mobile_menu_custom_width":375,"footnotes":""},"class_list":["post-2538","page","type-page","status-publish","hentry"],"yoast_head":"<!-- This site is optimized with the Yoast SEO plugin v27.4 - https:\/\/yoast.com\/product\/yoast-seo-wordpress\/ -->\n<title>Sinasos Palace Cave Hotel Surdurulebilirlik Raporu<\/title>\n<meta name=\"robots\" content=\"index, follow, max-snippet:-1, max-image-preview:large, max-video-preview:-1\" \/>\n<link rel=\"canonical\" href=\"https:\/\/www.sinasospalace.com\/en\/sinasos-palace-cave-hotel-surdurulebilirlik-raporu\/\" \/>\n<meta property=\"og:locale\" content=\"en_US\" \/>\n<meta property=\"og:locale:alternate\" content=\"tr_TR\" \/>\n<meta property=\"og:type\" content=\"article\" \/>\n<meta property=\"og:title\" content=\"Sinasos Palace Cave Hotel Surdurulebilirlik Raporu\" \/>\n<meta property=\"og:description\" content=\"Sinasospalace S\u00fcrd\u00fcrebilirlik Raporu G\u00f6r\u00fcnt\u00fcle\" \/>\n<meta property=\"og:url\" content=\"https:\/\/www.sinasospalace.com\/en\/sinasos-palace-cave-hotel-surdurulebilirlik-raporu\/\" \/>\n<meta property=\"og:site_name\" content=\"Sinasos Palace Cave Hotel\" \/>\n<meta property=\"article:modified_time\" content=\"2026-01-23T09:29:55+00:00\" \/>\n<meta name=\"twitter:card\" content=\"summary_large_image\" \/>\n<meta name=\"twitter:label1\" content=\"Est. reading time\" \/>\n\t<meta name=\"twitter:data1\" content=\"1 minute\" \/>\n<script type=\"application\/ld+json\" class=\"yoast-schema-graph\">{\"@context\":\"https:\\\/\\\/schema.org\",\"@graph\":[{\"@type\":\"WebPage\",\"@id\":\"https:\\\/\\\/www.sinasospalace.com\\\/tr\\\/sinasos-palace-cave-hotel-surdurulebilirlik-raporu\\\/\",\"url\":\"https:\\\/\\\/www.sinasospalace.com\\\/tr\\\/sinasos-palace-cave-hotel-surdurulebilirlik-raporu\\\/\",\"name\":\"Sinasos Palace Cave Hotel Surdurulebilirlik Raporu\",\"isPartOf\":{\"@id\":\"https:\\\/\\\/www.sinasospalace.com\\\/#website\"},\"datePublished\":\"2026-01-23T09:21:58+00:00\",\"dateModified\":\"2026-01-23T09:29:55+00:00\",\"breadcrumb\":{\"@id\":\"https:\\\/\\\/www.sinasospalace.com\\\/tr\\\/sinasos-palace-cave-hotel-surdurulebilirlik-raporu\\\/#breadcrumb\"},\"inLanguage\":\"en-US\",\"potentialAction\":[{\"@type\":\"ReadAction\",\"target\":[\"https:\\\/\\\/www.sinasospalace.com\\\/tr\\\/sinasos-palace-cave-hotel-surdurulebilirlik-raporu\\\/\"]}]},{\"@type\":\"BreadcrumbList\",\"@id\":\"https:\\\/\\\/www.sinasospalace.com\\\/tr\\\/sinasos-palace-cave-hotel-surdurulebilirlik-raporu\\\/#breadcrumb\",\"itemListElement\":[{\"@type\":\"ListItem\",\"position\":1,\"name\":\"Home\",\"item\":\"https:\\\/\\\/www.sinasospalace.com\\\/en\\\/\"},{\"@type\":\"ListItem\",\"position\":2,\"name\":\"Sinasos Palace Cave Hotel Surdurulebilirlik Raporu\"}]},{\"@type\":\"WebSite\",\"@id\":\"https:\\\/\\\/www.sinasospalace.com\\\/#website\",\"url\":\"https:\\\/\\\/www.sinasospalace.com\\\/\",\"name\":\"Sinasos Palace Cave Hotel\",\"description\":\"Kapadokya Kaya Otel\",\"publisher\":{\"@id\":\"https:\\\/\\\/www.sinasospalace.com\\\/#organization\"},\"potentialAction\":[{\"@type\":\"SearchAction\",\"target\":{\"@type\":\"EntryPoint\",\"urlTemplate\":\"https:\\\/\\\/www.sinasospalace.com\\\/?s={search_term_string}\"},\"query-input\":{\"@type\":\"PropertyValueSpecification\",\"valueRequired\":true,\"valueName\":\"search_term_string\"}}],\"inLanguage\":\"en-US\"},{\"@type\":\"Organization\",\"@id\":\"https:\\\/\\\/www.sinasospalace.com\\\/#organization\",\"name\":\"Sinasos Palace Cave Hotel\",\"url\":\"https:\\\/\\\/www.sinasospalace.com\\\/\",\"logo\":{\"@type\":\"ImageObject\",\"inLanguage\":\"en-US\",\"@id\":\"https:\\\/\\\/www.sinasospalace.com\\\/#\\\/schema\\\/logo\\\/image\\\/\",\"url\":\"https:\\\/\\\/www.sinasospalace.com\\\/wp-content\\\/uploads\\\/2024\\\/06\\\/logo.png\",\"contentUrl\":\"https:\\\/\\\/www.sinasospalace.com\\\/wp-content\\\/uploads\\\/2024\\\/06\\\/logo.png\",\"width\":300,\"height\":96,\"caption\":\"Sinasos Palace Cave Hotel\"},\"image\":{\"@id\":\"https:\\\/\\\/www.sinasospalace.com\\\/#\\\/schema\\\/logo\\\/image\\\/\"}}]}<\/script>\n<!-- \/ Yoast SEO plugin. -->","yoast_head_json":{"title":"Sinasos Palace Cave Hotel Surdurulebilirlik Raporu","robots":{"index":"index","follow":"follow","max-snippet":"max-snippet:-1","max-image-preview":"max-image-preview:large","max-video-preview":"max-video-preview:-1"},"canonical":"https:\/\/www.sinasospalace.com\/en\/sinasos-palace-cave-hotel-surdurulebilirlik-raporu\/","og_locale":"en_US","og_type":"article","og_title":"[:tr]Sinasos Palace Cave Hotel Surdurulebilirlik Raporu[:] - Sinasos Palace Cave Hotel","og_description":"Sinasospalace S\u00fcrd\u00fcrebilirlik Raporu G\u00f6r\u00fcnt\u00fcle","og_url":"https:\/\/www.sinasospalace.com\/en\/sinasos-palace-cave-hotel-surdurulebilirlik-raporu\/","og_site_name":"Sinasos Palace Cave Hotel","article_modified_time":"2026-01-23T09:29:55+00:00","twitter_card":"summary_large_image","twitter_misc":{"Est. reading time":"1 minute"},"schema":{"@context":"https:\/\/schema.org","@graph":[{"@type":"WebPage","@id":"https:\/\/www.sinasospalace.com\/tr\/sinasos-palace-cave-hotel-surdurulebilirlik-raporu\/","url":"https:\/\/www.sinasospalace.com\/tr\/sinasos-palace-cave-hotel-surdurulebilirlik-raporu\/","name":"Sinasos Palace Cave Hotel Surdurulebilirlik Raporu","isPartOf":{"@id":"https:\/\/www.sinasospalace.com\/#website"},"datePublished":"2026-01-23T09:21:58+00:00","dateModified":"2026-01-23T09:29:55+00:00","breadcrumb":{"@id":"https:\/\/www.sinasospalace.com\/tr\/sinasos-palace-cave-hotel-surdurulebilirlik-raporu\/#breadcrumb"},"inLanguage":"en-US","potentialAction":[{"@type":"ReadAction","target":["https:\/\/www.sinasospalace.com\/tr\/sinasos-palace-cave-hotel-surdurulebilirlik-raporu\/"]}]},{"@type":"BreadcrumbList","@id":"https:\/\/www.sinasospalace.com\/tr\/sinasos-palace-cave-hotel-surdurulebilirlik-raporu\/#breadcrumb","itemListElement":[{"@type":"ListItem","position":1,"name":"Home","item":"https:\/\/www.sinasospalace.com\/en\/"},{"@type":"ListItem","position":2,"name":"Sinasos Palace Cave Hotel Surdurulebilirlik Raporu"}]},{"@type":"WebSite","@id":"https:\/\/www.sinasospalace.com\/#website","url":"https:\/\/www.sinasospalace.com\/","name":"Sinasos Palace Cave Hotel","description":"Kapadokya Kaya Otel","publisher":{"@id":"https:\/\/www.sinasospalace.com\/#organization"},"potentialAction":[{"@type":"SearchAction","target":{"@type":"EntryPoint","urlTemplate":"https:\/\/www.sinasospalace.com\/?s={search_term_string}"},"query-input":{"@type":"PropertyValueSpecification","valueRequired":true,"valueName":"search_term_string"}}],"inLanguage":"en-US"},{"@type":"Organization","@id":"https:\/\/www.sinasospalace.com\/#organization","name":"Sinasos Palace Cave Hotel","url":"https:\/\/www.sinasospalace.com\/","logo":{"@type":"ImageObject","inLanguage":"en-US","@id":"https:\/\/www.sinasospalace.com\/#\/schema\/logo\/image\/","url":"https:\/\/www.sinasospalace.com\/wp-content\/uploads\/2024\/06\/logo.png","contentUrl":"https:\/\/www.sinasospalace.com\/wp-content\/uploads\/2024\/06\/logo.png","width":300,"height":96,"caption":"Sinasos Palace Cave Hotel"},"image":{"@id":"https:\/\/www.sinasospalace.com\/#\/schema\/logo\/image\/"}}]}},"_links":{"self":[{"href":"https:\/\/www.sinasospalace.com\/en\/wp-json\/wp\/v2\/pages\/2538","targetHints":{"allow":["GET"]}}],"collection":[{"href":"https:\/\/www.sinasospalace.com\/en\/wp-json\/wp\/v2\/pages"}],"about":[{"href":"https:\/\/www.sinasospalace.com\/en\/wp-json\/wp\/v2\/types\/page"}],"author":[{"embeddable":true,"href":"https:\/\/www.sinasospalace.com\/en\/wp-json\/wp\/v2\/users\/1"}],"replies":[{"embeddable":true,"href":"https:\/\/www.sinasospalace.com\/en\/wp-json\/wp\/v2\/comments?post=2538"}],"version-history":[{"count":8,"href":"https:\/\/www.sinasospalace.com\/en\/wp-json\/wp\/v2\/pages\/2538\/revisions"}],"predecessor-version":[{"id":2549,"href":"https:\/\/www.sinasospalace.com\/en\/wp-json\/wp\/v2\/pages\/2538\/revisions\/2549"}],"wp:attachment":[{"href":"https:\/\/www.sinasospalace.com\/en\/wp-json\/wp\/v2\/media?parent=2538"}],"curies":[{"name":"wp","href":"https:\/\/api.w.org\/{rel}","templated":true}]}}