{"id":2258,"date":"2024-06-21T20:13:28","date_gmt":"2024-06-21T20:13:28","guid":{"rendered":"https:\/\/www.sinasospalace.com\/?page_id=2258"},"modified":"2024-06-30T11:44:27","modified_gmt":"2024-06-30T11:44:27","slug":"sinasospalace-basin","status":"publish","type":"page","link":"https:\/\/www.sinasospalace.com\/en\/sinasospalace-basin\/","title":{"rendered":"Bas\u0131nda A\u015fk ve Mavi Kona\u011f\u0131"},"content":{"rendered":"<h3>Tarihi ve Mimari \u00d6zellikleri<\/h3>\n<p>Kapadokya&#8217;n\u0131n b\u00fcy\u00fcleyici atmosferinde yer alan <strong>A\u015fk ve Mavi Kona\u011f\u0131<\/strong>, tarih ve romantizmi bir araya getiren e\u015fsiz bir yap\u0131d\u0131r. Kona\u011f\u0131n k\u00f6kleri Osmanl\u0131 d\u00f6nemine dayan\u0131r ve tarihi dokusu korunarak g\u00fcn\u00fcm\u00fcze kadar gelmi\u015ftir. Kona\u011f\u0131n ta\u015f i\u015f\u00e7ili\u011fi ve zarif detaylar\u0131, Kapadokya&#8217;n\u0131n benzersiz do\u011fal g\u00fczellikleri ile harmanlanarak misafirlerine unutulmaz bir konaklama deneyimi sunar.<\/p>\n<h3>Konaklama Se\u00e7enekleri<\/h3>\n<p>A\u015fk ve Mavi Kona\u011f\u0131, her biri farkl\u0131 bir tema ile dekore edilmi\u015f odalar\u0131yla misafirlerine \u00e7e\u015fitli konaklama se\u00e7enekleri sunar. 18 adet birbirinden farkl\u0131 ve g\u00fczel odalarda, antika mobilyalar ve el yap\u0131m\u0131 dekoratif e\u015fyalar ile d\u00f6\u015fenmi\u015ftir. Kona\u011f\u0131n odalar\u0131nda konforlu yataklar, modern banyo olanaklar\u0131 ve baz\u0131 odalarda \u00f6zel balkonlar bulunmaktad\u0131r.<\/p>\n<h3>Hizmetler ve Olanaklar<\/h3>\n<p>Kona\u011f\u0131n sundu\u011fu hizmetler aras\u0131nda \u00fccretsiz Wi-Fi, oda servisi ve geleneksel T\u00fcrk kahvalt\u0131s\u0131 bulunmaktad\u0131r. Ayr\u0131ca, kona\u011f\u0131n b\u00fcnyesinde bir restoran ve kafe de hizmet vermektedir. Kona\u011f\u0131n avlusunda yer alan bah\u00e7e, dinlenmek ve do\u011fan\u0131n tad\u0131n\u0131 \u00e7\u0131karmak isteyen misafirler i\u00e7in idealdir. Misafirler, Kapadokya&#8217;n\u0131n \u00fcnl\u00fc s\u0131cak hava balon turlar\u0131na da kat\u0131labilirler.<\/p>\n<p>\u015eimdi otelimizde SinasosPalace A\u015fk ve Mavi Kona\u011f\u0131na Rezervasyonunuzu yapt\u0131r\u0131n.<\/p>\n<figure id=\"attachment_2443\" style=\"width: 1602px\"  class=\"wp-caption alignnone\"><img fetchpriority=\"high\" decoding=\"async\" class=\"size-full wp-image-2443\" src=\"https:\/\/www.sinasospalace.com\/wp-content\/uploads\/2024\/06\/ask-ve-mavi-konagi-sinasospalace.png\" alt=\"A\u015fk ve Mavi Kona\u011f\u0131\" width=\"1602\" height=\"1004\" srcset=\"https:\/\/www.sinasospalace.com\/wp-content\/uploads\/2024\/06\/ask-ve-mavi-konagi-sinasospalace.png 1602w, https:\/\/www.sinasospalace.com\/wp-content\/uploads\/2024\/06\/ask-ve-mavi-konagi-sinasospalace-150x94.png 150w, https:\/\/www.sinasospalace.com\/wp-content\/uploads\/2024\/06\/ask-ve-mavi-konagi-sinasospalace-600x376.png 600w, https:\/\/www.sinasospalace.com\/wp-content\/uploads\/2024\/06\/ask-ve-mavi-konagi-sinasospalace-300x188.png 300w, https:\/\/www.sinasospalace.com\/wp-content\/uploads\/2024\/06\/ask-ve-mavi-konagi-sinasospalace-1024x642.png 1024w, https:\/\/www.sinasospalace.com\/wp-content\/uploads\/2024\/06\/ask-ve-mavi-konagi-sinasospalace-768x481.png 768w, https:\/\/www.sinasospalace.com\/wp-content\/uploads\/2024\/06\/ask-ve-mavi-konagi-sinasospalace-1536x963.png 1536w, https:\/\/www.sinasospalace.com\/wp-content\/uploads\/2024\/06\/ask-ve-mavi-konagi-sinasospalace-1440x902.png 1440w, https:\/\/www.sinasospalace.com\/wp-content\/uploads\/2024\/06\/ask-ve-mavi-konagi-sinasospalace-1200x752.png 1200w, https:\/\/www.sinasospalace.com\/wp-content\/uploads\/2024\/06\/ask-ve-mavi-konagi-sinasospalace-780x489.png 780w, https:\/\/www.sinasospalace.com\/wp-content\/uploads\/2024\/06\/ask-ve-mavi-konagi-sinasospalace-550x345.png 550w, https:\/\/www.sinasospalace.com\/wp-content\/uploads\/2024\/06\/ask-ve-mavi-konagi-sinasospalace-370x232.png 370w, https:\/\/www.sinasospalace.com\/wp-content\/uploads\/2024\/06\/ask-ve-mavi-konagi-sinasospalace-255x160.png 255w\" sizes=\"(max-width: 1602px) 100vw, 1602px\" \/><figcaption class=\"wp-caption-text\">A\u015fk ve Mavi Kona\u011f\u0131<\/figcaption><\/figure>\n","protected":false},"excerpt":{"rendered":"<p>Tarihi ve Mimari \u00d6zellikleri Kapadokya&#8217;n\u0131n b\u00fcy\u00fcleyici atmosferinde yer alan A\u015fk ve Mavi Kona\u011f\u0131, tarih ve romantizmi bir araya getiren e\u015fsiz bir yap\u0131d\u0131r. Kona\u011f\u0131n k\u00f6kleri Osmanl\u0131 d\u00f6nemine dayan\u0131r ve tarihi dokusu korunarak g\u00fcn\u00fcm\u00fcze kadar gelmi\u015ftir. Kona\u011f\u0131n ta\u015f i\u015f\u00e7ili\u011fi ve zarif detaylar\u0131, Kapadokya&#8217;n\u0131n benzersiz do\u011fal g\u00fczellikleri ile harmanlanarak misafirlerine unutulmaz bir konaklama deneyimi sunar. Konaklama Se\u00e7enekleri A\u015fk &#8230;<\/p>\n","protected":false},"author":1,"featured_media":0,"parent":0,"menu_order":0,"comment_status":"closed","ping_status":"closed","template":"template-wide-content.php","meta":{"cozystay_single_page_hide_site_header":"","cozystay_single_page_site_header_source":"","cozystay_single_page_custom_site_header":"","cozystay_single_page_custom_sticky_site_header":"","cozystay_single_page_hide_page_title":"","cozystay_single_page_header_section_size":"","cozystay_single_page_header_background_color":"","cozystay_single_page_header_background_position_x":"center","cozystay_single_page_header_background_position_y":"center","cozystay_single_page_header_background_size":"cover","cozystay_single_page_header_background_repeat":"off","cozystay_single_page_header_background_scroll":"on","cozystay_single_page_header_text_color":"","cozystay_single_page_header_show_breadcrumb":"","cozystay_single_page_site_footer_hide_main":"","cozystay_single_custom_site_footer_main_source":"","cozystay_single_custom_site_footer_main":"","cozystay_single_page_site_footer_hide_above":"","cozystay_single_custom_site_footer_above_source":"","cozystay_single_custom_site_footer_above":"","cozystay_single_page_site_footer_hide_instagram":"","cozystay_single_page_site_footer_hide_bottom":"","cozystay_single_custom_mobile_menu_source":"","cozystay_single_custom_mobile_menu":"","cozystay_single_custom_mobile_menu_animation":"","cozystay_single_custom_mobile_menu_width":"","cozystay_single_custom_mobile_menu_custom_width":375,"footnotes":""},"class_list":["post-2258","page","type-page","status-publish","hentry"],"yoast_head":"<!-- This site is optimized with the Yoast SEO plugin v27.5 - https:\/\/yoast.com\/product\/yoast-seo-wordpress\/ -->\n<title>Bas\u0131nda A\u015fk ve Mavi Kona\u011f\u0131<\/title>\n<meta name=\"description\" content=\"Kapadokya&#039;n\u0131n b\u00fcy\u00fcleyici atmosferinde l\u00fcks ve konforun adresi Sinasos Palace Hotel, tarihi ta\u015f mimarisi ve e\u015fsiz manzaralar\u0131 ile unutulmaz an\" \/>\n<meta name=\"robots\" content=\"index, follow, max-snippet:-1, max-image-preview:large, max-video-preview:-1\" \/>\n<link rel=\"canonical\" href=\"https:\/\/www.sinasospalace.com\/en\/sinasospalace-basin\/\" \/>\n<meta property=\"og:locale\" content=\"en_US\" \/>\n<meta property=\"og:locale:alternate\" content=\"tr_TR\" \/>\n<meta property=\"og:type\" content=\"article\" \/>\n<meta property=\"og:title\" content=\"Bas\u0131nda A\u015fk ve Mavi Kona\u011f\u0131\" \/>\n<meta property=\"og:description\" content=\"Kapadokya&#039;n\u0131n b\u00fcy\u00fcleyici atmosferinde l\u00fcks ve konforun adresi Sinasos Palace Hotel, tarihi ta\u015f mimarisi ve e\u015fsiz manzaralar\u0131 ile unutulmaz an\" \/>\n<meta property=\"og:url\" content=\"https:\/\/www.sinasospalace.com\/en\/sinasospalace-basin\/\" \/>\n<meta property=\"og:site_name\" content=\"Sinasos Palace Cave Hotel\" \/>\n<meta property=\"article:modified_time\" content=\"2024-06-30T11:44:27+00:00\" \/>\n<meta property=\"og:image\" content=\"https:\/\/www.sinasospalace.com\/wp-content\/uploads\/2024\/06\/ask-ve-mavi-konagi-sinasospalace.png\" \/>\n<meta name=\"twitter:card\" content=\"summary_large_image\" \/>\n<meta name=\"twitter:label1\" content=\"Est. reading time\" \/>\n\t<meta name=\"twitter:data1\" content=\"1 minute\" \/>\n<script type=\"application\/ld+json\" class=\"yoast-schema-graph\">{\"@context\":\"https:\\\/\\\/schema.org\",\"@graph\":[{\"@type\":\"WebPage\",\"@id\":\"https:\\\/\\\/www.sinasospalace.com\\\/tr\\\/sinasospalace-basin\\\/\",\"url\":\"https:\\\/\\\/www.sinasospalace.com\\\/tr\\\/sinasospalace-basin\\\/\",\"name\":\"Bas\u0131nda A\u015fk ve Mavi Kona\u011f\u0131\",\"isPartOf\":{\"@id\":\"https:\\\/\\\/www.sinasospalace.com\\\/#website\"},\"primaryImageOfPage\":{\"@id\":\"https:\\\/\\\/www.sinasospalace.com\\\/tr\\\/sinasospalace-basin\\\/#primaryimage\"},\"image\":{\"@id\":\"https:\\\/\\\/www.sinasospalace.com\\\/tr\\\/sinasospalace-basin\\\/#primaryimage\"},\"thumbnailUrl\":\"https:\\\/\\\/www.sinasospalace.com\\\/wp-content\\\/uploads\\\/2024\\\/06\\\/ask-ve-mavi-konagi-sinasospalace.png\",\"datePublished\":\"2024-06-21T20:13:28+00:00\",\"dateModified\":\"2024-06-30T11:44:27+00:00\",\"description\":\"Kapadokya'n\u0131n b\u00fcy\u00fcleyici atmosferinde l\u00fcks ve konforun adresi Sinasos Palace Hotel, tarihi ta\u015f mimarisi ve e\u015fsiz manzaralar\u0131 ile unutulmaz an\",\"breadcrumb\":{\"@id\":\"https:\\\/\\\/www.sinasospalace.com\\\/tr\\\/sinasospalace-basin\\\/#breadcrumb\"},\"inLanguage\":\"en-US\",\"potentialAction\":[{\"@type\":\"ReadAction\",\"target\":[\"https:\\\/\\\/www.sinasospalace.com\\\/tr\\\/sinasospalace-basin\\\/\"]}]},{\"@type\":\"ImageObject\",\"inLanguage\":\"en-US\",\"@id\":\"https:\\\/\\\/www.sinasospalace.com\\\/tr\\\/sinasospalace-basin\\\/#primaryimage\",\"url\":\"https:\\\/\\\/www.sinasospalace.com\\\/wp-content\\\/uploads\\\/2024\\\/06\\\/ask-ve-mavi-konagi-sinasospalace.png\",\"contentUrl\":\"https:\\\/\\\/www.sinasospalace.com\\\/wp-content\\\/uploads\\\/2024\\\/06\\\/ask-ve-mavi-konagi-sinasospalace.png\"},{\"@type\":\"BreadcrumbList\",\"@id\":\"https:\\\/\\\/www.sinasospalace.com\\\/tr\\\/sinasospalace-basin\\\/#breadcrumb\",\"itemListElement\":[{\"@type\":\"ListItem\",\"position\":1,\"name\":\"Home\",\"item\":\"https:\\\/\\\/www.sinasospalace.com\\\/en\\\/\"},{\"@type\":\"ListItem\",\"position\":2,\"name\":\"Bas\u0131nda A\u015fk ve Mavi Kona\u011f\u0131\"}]},{\"@type\":\"WebSite\",\"@id\":\"https:\\\/\\\/www.sinasospalace.com\\\/#website\",\"url\":\"https:\\\/\\\/www.sinasospalace.com\\\/\",\"name\":\"Sinasos Palace Cave Hotel\",\"description\":\"Kapadokya Kaya Otel\",\"publisher\":{\"@id\":\"https:\\\/\\\/www.sinasospalace.com\\\/#organization\"},\"potentialAction\":[{\"@type\":\"SearchAction\",\"target\":{\"@type\":\"EntryPoint\",\"urlTemplate\":\"https:\\\/\\\/www.sinasospalace.com\\\/?s={search_term_string}\"},\"query-input\":{\"@type\":\"PropertyValueSpecification\",\"valueRequired\":true,\"valueName\":\"search_term_string\"}}],\"inLanguage\":\"en-US\"},{\"@type\":\"Organization\",\"@id\":\"https:\\\/\\\/www.sinasospalace.com\\\/#organization\",\"name\":\"Sinasos Palace Cave Hotel\",\"url\":\"https:\\\/\\\/www.sinasospalace.com\\\/\",\"logo\":{\"@type\":\"ImageObject\",\"inLanguage\":\"en-US\",\"@id\":\"https:\\\/\\\/www.sinasospalace.com\\\/#\\\/schema\\\/logo\\\/image\\\/\",\"url\":\"https:\\\/\\\/www.sinasospalace.com\\\/wp-content\\\/uploads\\\/2024\\\/06\\\/logo.png\",\"contentUrl\":\"https:\\\/\\\/www.sinasospalace.com\\\/wp-content\\\/uploads\\\/2024\\\/06\\\/logo.png\",\"width\":300,\"height\":96,\"caption\":\"Sinasos Palace Cave Hotel\"},\"image\":{\"@id\":\"https:\\\/\\\/www.sinasospalace.com\\\/#\\\/schema\\\/logo\\\/image\\\/\"}}]}<\/script>\n<!-- \/ Yoast SEO plugin. -->","yoast_head_json":{"title":"Bas\u0131nda A\u015fk ve Mavi Kona\u011f\u0131","description":"Kapadokya'n\u0131n b\u00fcy\u00fcleyici atmosferinde l\u00fcks ve konforun adresi Sinasos Palace Hotel, tarihi ta\u015f mimarisi ve e\u015fsiz manzaralar\u0131 ile unutulmaz an","robots":{"index":"index","follow":"follow","max-snippet":"max-snippet:-1","max-image-preview":"max-image-preview:large","max-video-preview":"max-video-preview:-1"},"canonical":"https:\/\/www.sinasospalace.com\/en\/sinasospalace-basin\/","og_locale":"en_US","og_type":"article","og_title":"[:tr]Bas\u0131nda A\u015fk ve Mavi Kona\u011f\u0131[:] - Sinasos Palace Cave Hotel","og_description":"[:tr]Kapadokya'n\u0131n b\u00fcy\u00fcleyici atmosferinde l\u00fcks ve konforun adresi Sinasos Palace Hotel, tarihi ta\u015f mimarisi ve e\u015fsiz manzaralar\u0131 ile unutulmaz an[:]","og_url":"https:\/\/www.sinasospalace.com\/en\/sinasospalace-basin\/","og_site_name":"Sinasos Palace Cave Hotel","article_modified_time":"2024-06-30T11:44:27+00:00","og_image":[{"url":"https:\/\/www.sinasospalace.com\/wp-content\/uploads\/2024\/06\/ask-ve-mavi-konagi-sinasospalace.png","type":"","width":"","height":""}],"twitter_card":"summary_large_image","twitter_misc":{"Est. reading time":"1 minute"},"schema":{"@context":"https:\/\/schema.org","@graph":[{"@type":"WebPage","@id":"https:\/\/www.sinasospalace.com\/tr\/sinasospalace-basin\/","url":"https:\/\/www.sinasospalace.com\/tr\/sinasospalace-basin\/","name":"Bas\u0131nda A\u015fk ve Mavi Kona\u011f\u0131","isPartOf":{"@id":"https:\/\/www.sinasospalace.com\/#website"},"primaryImageOfPage":{"@id":"https:\/\/www.sinasospalace.com\/tr\/sinasospalace-basin\/#primaryimage"},"image":{"@id":"https:\/\/www.sinasospalace.com\/tr\/sinasospalace-basin\/#primaryimage"},"thumbnailUrl":"https:\/\/www.sinasospalace.com\/wp-content\/uploads\/2024\/06\/ask-ve-mavi-konagi-sinasospalace.png","datePublished":"2024-06-21T20:13:28+00:00","dateModified":"2024-06-30T11:44:27+00:00","description":"Kapadokya'n\u0131n b\u00fcy\u00fcleyici atmosferinde l\u00fcks ve konforun adresi Sinasos Palace Hotel, tarihi ta\u015f mimarisi ve e\u015fsiz manzaralar\u0131 ile unutulmaz an","breadcrumb":{"@id":"https:\/\/www.sinasospalace.com\/tr\/sinasospalace-basin\/#breadcrumb"},"inLanguage":"en-US","potentialAction":[{"@type":"ReadAction","target":["https:\/\/www.sinasospalace.com\/tr\/sinasospalace-basin\/"]}]},{"@type":"ImageObject","inLanguage":"en-US","@id":"https:\/\/www.sinasospalace.com\/tr\/sinasospalace-basin\/#primaryimage","url":"https:\/\/www.sinasospalace.com\/wp-content\/uploads\/2024\/06\/ask-ve-mavi-konagi-sinasospalace.png","contentUrl":"https:\/\/www.sinasospalace.com\/wp-content\/uploads\/2024\/06\/ask-ve-mavi-konagi-sinasospalace.png"},{"@type":"BreadcrumbList","@id":"https:\/\/www.sinasospalace.com\/tr\/sinasospalace-basin\/#breadcrumb","itemListElement":[{"@type":"ListItem","position":1,"name":"Home","item":"https:\/\/www.sinasospalace.com\/en\/"},{"@type":"ListItem","position":2,"name":"Bas\u0131nda A\u015fk ve Mavi Kona\u011f\u0131"}]},{"@type":"WebSite","@id":"https:\/\/www.sinasospalace.com\/#website","url":"https:\/\/www.sinasospalace.com\/","name":"Sinasos Palace Cave Hotel","description":"Kapadokya Kaya Otel","publisher":{"@id":"https:\/\/www.sinasospalace.com\/#organization"},"potentialAction":[{"@type":"SearchAction","target":{"@type":"EntryPoint","urlTemplate":"https:\/\/www.sinasospalace.com\/?s={search_term_string}"},"query-input":{"@type":"PropertyValueSpecification","valueRequired":true,"valueName":"search_term_string"}}],"inLanguage":"en-US"},{"@type":"Organization","@id":"https:\/\/www.sinasospalace.com\/#organization","name":"Sinasos Palace Cave Hotel","url":"https:\/\/www.sinasospalace.com\/","logo":{"@type":"ImageObject","inLanguage":"en-US","@id":"https:\/\/www.sinasospalace.com\/#\/schema\/logo\/image\/","url":"https:\/\/www.sinasospalace.com\/wp-content\/uploads\/2024\/06\/logo.png","contentUrl":"https:\/\/www.sinasospalace.com\/wp-content\/uploads\/2024\/06\/logo.png","width":300,"height":96,"caption":"Sinasos Palace Cave Hotel"},"image":{"@id":"https:\/\/www.sinasospalace.com\/#\/schema\/logo\/image\/"}}]}},"_links":{"self":[{"href":"https:\/\/www.sinasospalace.com\/en\/wp-json\/wp\/v2\/pages\/2258","targetHints":{"allow":["GET"]}}],"collection":[{"href":"https:\/\/www.sinasospalace.com\/en\/wp-json\/wp\/v2\/pages"}],"about":[{"href":"https:\/\/www.sinasospalace.com\/en\/wp-json\/wp\/v2\/types\/page"}],"author":[{"embeddable":true,"href":"https:\/\/www.sinasospalace.com\/en\/wp-json\/wp\/v2\/users\/1"}],"replies":[{"embeddable":true,"href":"https:\/\/www.sinasospalace.com\/en\/wp-json\/wp\/v2\/comments?post=2258"}],"version-history":[{"count":4,"href":"https:\/\/www.sinasospalace.com\/en\/wp-json\/wp\/v2\/pages\/2258\/revisions"}],"predecessor-version":[{"id":2462,"href":"https:\/\/www.sinasospalace.com\/en\/wp-json\/wp\/v2\/pages\/2258\/revisions\/2462"}],"wp:attachment":[{"href":"https:\/\/www.sinasospalace.com\/en\/wp-json\/wp\/v2\/media?parent=2258"}],"curies":[{"name":"wp","href":"https:\/\/api.w.org\/{rel}","templated":true}]}}