{"id":2255,"date":"2024-06-21T20:07:47","date_gmt":"2024-06-21T20:07:47","guid":{"rendered":"https:\/\/www.sinasospalace.com\/?page_id=2255"},"modified":"2024-06-21T20:07:49","modified_gmt":"2024-06-21T20:07:49","slug":"instagram","status":"publish","type":"page","link":"https:\/\/www.sinasospalace.com\/en\/instagram\/","title":{"rendered":"\u0130nstagram"},"content":{"rendered":"","protected":false},"excerpt":{"rendered":"","protected":false},"author":1,"featured_media":0,"parent":0,"menu_order":0,"comment_status":"closed","ping_status":"closed","template":"template-wide-content.php","meta":{"cozystay_single_page_hide_site_header":"","cozystay_single_page_site_header_source":"","cozystay_single_page_custom_site_header":"0","cozystay_single_page_custom_sticky_site_header":"0","cozystay_single_page_hide_page_title":"","cozystay_single_page_header_section_size":"","cozystay_single_page_header_background_color":"","cozystay_single_page_header_background_position_x":"center","cozystay_single_page_header_background_position_y":"center","cozystay_single_page_header_background_size":"cover","cozystay_single_page_header_background_repeat":"off","cozystay_single_page_header_background_scroll":"on","cozystay_single_page_header_text_color":"","cozystay_single_page_header_show_breadcrumb":"","cozystay_single_page_site_footer_hide_main":"","cozystay_single_custom_site_footer_main_source":"","cozystay_single_custom_site_footer_main":"0","cozystay_single_page_site_footer_hide_above":"","cozystay_single_custom_site_footer_above_source":"","cozystay_single_custom_site_footer_above":"0","cozystay_single_page_site_footer_hide_instagram":"","cozystay_single_page_site_footer_hide_bottom":"","cozystay_single_custom_mobile_menu_source":"","cozystay_single_custom_mobile_menu":"0","cozystay_single_custom_mobile_menu_animation":"","cozystay_single_custom_mobile_menu_width":"","cozystay_single_custom_mobile_menu_custom_width":375,"footnotes":""},"class_list":["post-2255","page","type-page","status-publish","hentry"],"yoast_head":"<!-- This site is optimized with the Yoast SEO plugin v27.5 - https:\/\/yoast.com\/product\/yoast-seo-wordpress\/ -->\n<title>\u0130nstagram<\/title>\n<meta name=\"description\" content=\"Sosyal medya \u00fczerinden bizi takip edebilirsiniz. a\u015fk ve mavi kona\u011f\u0131 instagram\" \/>\n<meta name=\"robots\" content=\"index, follow, max-snippet:-1, max-image-preview:large, max-video-preview:-1\" \/>\n<link rel=\"canonical\" href=\"https:\/\/www.sinasospalace.com\/en\/instagram\/\" \/>\n<meta property=\"og:locale\" content=\"en_US\" \/>\n<meta property=\"og:locale:alternate\" content=\"tr_TR\" \/>\n<meta property=\"og:type\" content=\"article\" \/>\n<meta property=\"og:title\" content=\"\u0130nstagram\" \/>\n<meta property=\"og:description\" content=\"Sosyal medya \u00fczerinden bizi takip edebilirsiniz. a\u015fk ve mavi kona\u011f\u0131 instagram\" \/>\n<meta property=\"og:url\" content=\"https:\/\/www.sinasospalace.com\/en\/instagram\/\" \/>\n<meta property=\"og:site_name\" content=\"Sinasos Palace Cave Hotel\" \/>\n<meta property=\"article:modified_time\" content=\"2024-06-21T20:07:49+00:00\" \/>\n<meta name=\"twitter:card\" content=\"summary_large_image\" \/>\n<script type=\"application\/ld+json\" class=\"yoast-schema-graph\">{\"@context\":\"https:\\\/\\\/schema.org\",\"@graph\":[{\"@type\":\"WebPage\",\"@id\":\"https:\\\/\\\/www.sinasospalace.com\\\/tr\\\/instagram\\\/\",\"url\":\"https:\\\/\\\/www.sinasospalace.com\\\/tr\\\/instagram\\\/\",\"name\":\"\u0130nstagram\",\"isPartOf\":{\"@id\":\"https:\\\/\\\/www.sinasospalace.com\\\/#website\"},\"datePublished\":\"2024-06-21T20:07:47+00:00\",\"dateModified\":\"2024-06-21T20:07:49+00:00\",\"description\":\"Sosyal medya \u00fczerinden bizi takip edebilirsiniz. a\u015fk ve mavi kona\u011f\u0131 instagram\",\"breadcrumb\":{\"@id\":\"https:\\\/\\\/www.sinasospalace.com\\\/tr\\\/instagram\\\/#breadcrumb\"},\"inLanguage\":\"en-US\",\"potentialAction\":[{\"@type\":\"ReadAction\",\"target\":[\"https:\\\/\\\/www.sinasospalace.com\\\/tr\\\/instagram\\\/\"]}]},{\"@type\":\"BreadcrumbList\",\"@id\":\"https:\\\/\\\/www.sinasospalace.com\\\/tr\\\/instagram\\\/#breadcrumb\",\"itemListElement\":[{\"@type\":\"ListItem\",\"position\":1,\"name\":\"Home\",\"item\":\"https:\\\/\\\/www.sinasospalace.com\\\/en\\\/\"},{\"@type\":\"ListItem\",\"position\":2,\"name\":\"\u0130nstagram\"}]},{\"@type\":\"WebSite\",\"@id\":\"https:\\\/\\\/www.sinasospalace.com\\\/#website\",\"url\":\"https:\\\/\\\/www.sinasospalace.com\\\/\",\"name\":\"Sinasos Palace Cave Hotel\",\"description\":\"Kapadokya Kaya Otel\",\"publisher\":{\"@id\":\"https:\\\/\\\/www.sinasospalace.com\\\/#organization\"},\"potentialAction\":[{\"@type\":\"SearchAction\",\"target\":{\"@type\":\"EntryPoint\",\"urlTemplate\":\"https:\\\/\\\/www.sinasospalace.com\\\/?s={search_term_string}\"},\"query-input\":{\"@type\":\"PropertyValueSpecification\",\"valueRequired\":true,\"valueName\":\"search_term_string\"}}],\"inLanguage\":\"en-US\"},{\"@type\":\"Organization\",\"@id\":\"https:\\\/\\\/www.sinasospalace.com\\\/#organization\",\"name\":\"Sinasos Palace Cave Hotel\",\"url\":\"https:\\\/\\\/www.sinasospalace.com\\\/\",\"logo\":{\"@type\":\"ImageObject\",\"inLanguage\":\"en-US\",\"@id\":\"https:\\\/\\\/www.sinasospalace.com\\\/#\\\/schema\\\/logo\\\/image\\\/\",\"url\":\"https:\\\/\\\/www.sinasospalace.com\\\/wp-content\\\/uploads\\\/2024\\\/06\\\/logo.png\",\"contentUrl\":\"https:\\\/\\\/www.sinasospalace.com\\\/wp-content\\\/uploads\\\/2024\\\/06\\\/logo.png\",\"width\":300,\"height\":96,\"caption\":\"Sinasos Palace Cave Hotel\"},\"image\":{\"@id\":\"https:\\\/\\\/www.sinasospalace.com\\\/#\\\/schema\\\/logo\\\/image\\\/\"}}]}<\/script>\n<!-- \/ Yoast SEO plugin. -->","yoast_head_json":{"title":"\u0130nstagram","description":"Sosyal medya \u00fczerinden bizi takip edebilirsiniz. a\u015fk ve mavi kona\u011f\u0131 instagram","robots":{"index":"index","follow":"follow","max-snippet":"max-snippet:-1","max-image-preview":"max-image-preview:large","max-video-preview":"max-video-preview:-1"},"canonical":"https:\/\/www.sinasospalace.com\/en\/instagram\/","og_locale":"en_US","og_type":"article","og_title":"[:tr]\u0130nstagram[:] - Sinasos Palace Cave Hotel","og_description":"Sosyal medya \u00fczerinden bizi takip edebilirsiniz. a\u015fk ve mavi kona\u011f\u0131 instagram","og_url":"https:\/\/www.sinasospalace.com\/en\/instagram\/","og_site_name":"Sinasos Palace Cave Hotel","article_modified_time":"2024-06-21T20:07:49+00:00","twitter_card":"summary_large_image","schema":{"@context":"https:\/\/schema.org","@graph":[{"@type":"WebPage","@id":"https:\/\/www.sinasospalace.com\/tr\/instagram\/","url":"https:\/\/www.sinasospalace.com\/tr\/instagram\/","name":"\u0130nstagram","isPartOf":{"@id":"https:\/\/www.sinasospalace.com\/#website"},"datePublished":"2024-06-21T20:07:47+00:00","dateModified":"2024-06-21T20:07:49+00:00","description":"Sosyal medya \u00fczerinden bizi takip edebilirsiniz. a\u015fk ve mavi kona\u011f\u0131 instagram","breadcrumb":{"@id":"https:\/\/www.sinasospalace.com\/tr\/instagram\/#breadcrumb"},"inLanguage":"en-US","potentialAction":[{"@type":"ReadAction","target":["https:\/\/www.sinasospalace.com\/tr\/instagram\/"]}]},{"@type":"BreadcrumbList","@id":"https:\/\/www.sinasospalace.com\/tr\/instagram\/#breadcrumb","itemListElement":[{"@type":"ListItem","position":1,"name":"Home","item":"https:\/\/www.sinasospalace.com\/en\/"},{"@type":"ListItem","position":2,"name":"\u0130nstagram"}]},{"@type":"WebSite","@id":"https:\/\/www.sinasospalace.com\/#website","url":"https:\/\/www.sinasospalace.com\/","name":"Sinasos Palace Cave Hotel","description":"Kapadokya Kaya Otel","publisher":{"@id":"https:\/\/www.sinasospalace.com\/#organization"},"potentialAction":[{"@type":"SearchAction","target":{"@type":"EntryPoint","urlTemplate":"https:\/\/www.sinasospalace.com\/?s={search_term_string}"},"query-input":{"@type":"PropertyValueSpecification","valueRequired":true,"valueName":"search_term_string"}}],"inLanguage":"en-US"},{"@type":"Organization","@id":"https:\/\/www.sinasospalace.com\/#organization","name":"Sinasos Palace Cave Hotel","url":"https:\/\/www.sinasospalace.com\/","logo":{"@type":"ImageObject","inLanguage":"en-US","@id":"https:\/\/www.sinasospalace.com\/#\/schema\/logo\/image\/","url":"https:\/\/www.sinasospalace.com\/wp-content\/uploads\/2024\/06\/logo.png","contentUrl":"https:\/\/www.sinasospalace.com\/wp-content\/uploads\/2024\/06\/logo.png","width":300,"height":96,"caption":"Sinasos Palace Cave Hotel"},"image":{"@id":"https:\/\/www.sinasospalace.com\/#\/schema\/logo\/image\/"}}]}},"_links":{"self":[{"href":"https:\/\/www.sinasospalace.com\/en\/wp-json\/wp\/v2\/pages\/2255","targetHints":{"allow":["GET"]}}],"collection":[{"href":"https:\/\/www.sinasospalace.com\/en\/wp-json\/wp\/v2\/pages"}],"about":[{"href":"https:\/\/www.sinasospalace.com\/en\/wp-json\/wp\/v2\/types\/page"}],"author":[{"embeddable":true,"href":"https:\/\/www.sinasospalace.com\/en\/wp-json\/wp\/v2\/users\/1"}],"replies":[{"embeddable":true,"href":"https:\/\/www.sinasospalace.com\/en\/wp-json\/wp\/v2\/comments?post=2255"}],"version-history":[{"count":1,"href":"https:\/\/www.sinasospalace.com\/en\/wp-json\/wp\/v2\/pages\/2255\/revisions"}],"predecessor-version":[{"id":2256,"href":"https:\/\/www.sinasospalace.com\/en\/wp-json\/wp\/v2\/pages\/2255\/revisions\/2256"}],"wp:attachment":[{"href":"https:\/\/www.sinasospalace.com\/en\/wp-json\/wp\/v2\/media?parent=2255"}],"curies":[{"name":"wp","href":"https:\/\/api.w.org\/{rel}","templated":true}]}}